{"id":97,"date":"2022-04-17T00:55:59","date_gmt":"2022-04-17T00:55:59","guid":{"rendered":"http:\/\/qubofy.com.mx\/?page_id=97"},"modified":"2022-04-17T00:55:59","modified_gmt":"2022-04-17T00:55:59","slug":"bienes-raices","status":"publish","type":"page","link":"https:\/\/qubofy.com.mx\/?page_id=97","title":{"rendered":"Bienes Ra\u00edces"},"content":{"rendered":"\n<div class=\"wp-block-cover alignfull has-background-dim\" style=\"min-height:600px\"><img class=\"wp-block-cover__image-background wp-image-242\" alt=\"\" src=\"http:\/\/qubofy.com.mx\/wp-content\/uploads\/2022\/04\/ook.png\" data-object-fit=\"cover\"\/><div class=\"wp-block-cover__inner-container\">\n<h1 class=\"has-text-align-center\">Renta tu espacio con Qubofy<\/h1>\n<\/div><\/div>\n\n\n\n<div style=\"height:100px\" aria-hidden=\"true\" class=\"wp-block-spacer\"><\/div>\n\n\n\n<div class=\"wp-container-3 wp-block-columns\">\n<div class=\"wp-container-2 wp-block-column\">\n<h3 class=\"has-text-align-center has-text-color has-medium-font-size\" style=\"color:#93b641\"><strong>Seamos socios<\/strong><\/h3>\n\n\n\n<div style=\"height:17px\" aria-hidden=\"true\" class=\"wp-block-spacer\"><\/div>\n\n\n\n<h2 class=\"has-text-align-center\">Descubre los <br>beneficios<br>de asociarte <br>con Qubofy<\/h2>\n\n\n\n<p class=\"has-text-align-center\" style=\"font-size:30px\">Nos hacemos socios de tu proyecto, <br>casa, oficina, habitaci\u00f3n y <br>cualquier espacio que desees sacarle <br>un retorno mayor en ingresos mensuales, <br>firmamos un contrato <br>puntual para que empieces a ganar.<\/p>\n\n\n\n<div class=\"wp-container-1 wp-block-buttons is-content-justification-center\">\n<div class=\"wp-block-button is-style-fill\"><a class=\"wp-block-button__link\">Hablemos<\/a><\/div>\n<\/div>\n<\/div>\n<\/div>\n\n\n\n<div style=\"height:128px\" aria-hidden=\"true\" class=\"wp-block-spacer\"><\/div>\n\n\n\n<div class=\"wp-container-8 wp-block-columns alignwide are-vertically-aligned-center\">\n<div class=\"wp-container-7 wp-block-column is-vertically-aligned-center\">\n<div class=\"wp-container-6 wp-block-columns are-vertically-aligned-center\">\n<div class=\"wp-container-4 wp-block-column is-vertically-aligned-center\">\n<h3 class=\"alignfull\">Aumenta tus ingresos<\/h3>\n\n\n\n<p style=\"font-size:25px\">Con el modelo de negocio de qubofy, puedes aumentar tus ingresos hasta un 60% por la renta de tu propiedad.<\/p>\n<\/div>\n\n\n\n<div class=\"wp-container-5 wp-block-column is-vertically-aligned-center\">\n<figure class=\"wp-block-image size-large is-style-default\"><img src=\"http:\/\/qubofy.com.mx\/wp-content\/uploads\/2022\/04\/WhatsApp-Image-2022-04-12-at-4.41.21-PM-1-1024x573.jpeg\" alt=\"\" class=\"wp-image-131\"\/><\/figure>\n<\/div>\n<\/div>\n<\/div>\n<\/div>\n\n\n\n<div style=\"height:100px\" aria-hidden=\"true\" class=\"wp-block-spacer\"><\/div>\n\n\n\n<div class=\"wp-block-cover alignfull has-ast-global-color-4-background-color has-background-dim\"><div class=\"wp-block-cover__inner-container\">\n<div class=\"wp-container-12 wp-block-columns\">\n<div class=\"wp-container-9 wp-block-column is-vertically-aligned-center\">\n<h3 class=\"has-ast-global-color-8-color has-text-color has-huge-font-size\">Optimiza tu inversi\u00f3n en bienes ra\u00edces<\/h3>\n<\/div>\n\n\n\n<div class=\"wp-container-10 wp-block-column\">\n<p class=\"has-ast-global-color-8-color has-text-color has-medium-font-size\">Dise\u00f1amos un plan de acci\u00f3n para monetizar tus propiedades habitacionales con un retorno de inversi\u00f3n mayor al de una renta mensual convencional.<\/p>\n<\/div>\n\n\n\n<div class=\"wp-container-11 wp-block-column\">\n<p class=\"has-ast-global-color-8-color has-text-color has-medium-font-size\">Remodelamos tu propiedad y la adecuamos para los nuevos mercados de hosteler\u00eda y\/o negocios.<br>QUBOFY INVESTMENT<br>\u00a1Nos hacemos tus socios y nosotros le invertimos!<\/p>\n<\/div>\n<\/div>\n<\/div><\/div>\n\n\n\n<div style=\"height:100px\" aria-hidden=\"true\" class=\"wp-block-spacer\"><\/div>\n\n\n\n<div class=\"wp-container-17 wp-block-columns alignwide are-vertically-aligned-center\">\n<div class=\"wp-container-16 wp-block-column is-vertically-aligned-center\">\n<div class=\"wp-container-15 wp-block-columns are-vertically-aligned-center\">\n<div class=\"wp-container-13 wp-block-column is-vertically-aligned-center\">\n<figure class=\"wp-block-image size-full\"><img src=\"http:\/\/qubofy.com.mx\/wp-content\/uploads\/2022\/04\/room-5.jpg\" alt=\"\" class=\"wp-image-65\"\/><\/figure>\n<\/div>\n\n\n\n<div class=\"wp-container-14 wp-block-column is-vertically-aligned-center\">\n<h3 class=\"alignfull\">Mant\u00e9n tu propiedad siempre ocupada.<\/h3>\n\n\n\n<p style=\"font-size:25px\">Somos especialistas en Airbnb, Booking, Expedia, Qabuu.<\/p>\n<\/div>\n<\/div>\n<\/div>\n<\/div>\n","protected":false},"excerpt":{"rendered":"<p>Seamos socios Descubre los beneficiosde asociarte con Qubofy Nos hacemos socios de tu proyecto, casa, oficina, habitaci\u00f3n y cualquier espacio que desees sacarle un retorno mayor en ingresos mensuales, firmamos un contrato puntual para que empieces a ganar. Aumenta tus ingresos Con el modelo de negocio de qubofy, puedes aumentar tus ingresos hasta un 60% &hellip;<\/p>\n<p class=\"read-more\"> <a class=\"\" href=\"https:\/\/qubofy.com.mx\/?page_id=97\"> <span class=\"screen-reader-text\">Bienes Ra\u00edces<\/span> Read More &raquo;<\/a><\/p>\n","protected":false},"author":1,"featured_media":0,"parent":0,"menu_order":0,"comment_status":"closed","ping_status":"closed","template":"","meta":{"om_disable_all_campaigns":false,"_monsterinsights_skip_tracking":false,"_monsterinsights_sitenote_active":false,"_monsterinsights_sitenote_note":"","_monsterinsights_sitenote_category":0,"site-sidebar-layout":"no-sidebar","site-content-layout":"plain-container","ast-global-header-display":"","ast-main-header-display":"","ast-hfb-above-header-display":"","ast-hfb-below-header-display":"","ast-hfb-mobile-header-display":"","site-post-title":"disabled","ast-breadcrumbs-content":"","ast-featured-img":"","footer-sml-layout":"","theme-transparent-header-meta":"","adv-header-id-meta":"","stick-header-meta":"","header-above-stick-meta":"","header-main-stick-meta":"","header-below-stick-meta":""},"_links":{"self":[{"href":"https:\/\/qubofy.com.mx\/index.php?rest_route=\/wp\/v2\/pages\/97"}],"collection":[{"href":"https:\/\/qubofy.com.mx\/index.php?rest_route=\/wp\/v2\/pages"}],"about":[{"href":"https:\/\/qubofy.com.mx\/index.php?rest_route=\/wp\/v2\/types\/page"}],"author":[{"embeddable":true,"href":"https:\/\/qubofy.com.mx\/index.php?rest_route=\/wp\/v2\/users\/1"}],"replies":[{"embeddable":true,"href":"https:\/\/qubofy.com.mx\/index.php?rest_route=%2Fwp%2Fv2%2Fcomments&post=97"}],"version-history":[{"count":0,"href":"https:\/\/qubofy.com.mx\/index.php?rest_route=\/wp\/v2\/pages\/97\/revisions"}],"wp:attachment":[{"href":"https:\/\/qubofy.com.mx\/index.php?rest_route=%2Fwp%2Fv2%2Fmedia&parent=97"}],"curies":[{"name":"wp","href":"https:\/\/api.w.org\/{rel}","templated":true}]}}